{"id":2070,"date":"2025-01-05T05:35:29","date_gmt":"2025-01-05T05:35:29","guid":{"rendered":"https:\/\/wordpress.themeholy.com\/solak\/?page_id=28"},"modified":"2025-04-29T16:49:53","modified_gmt":"2025-04-29T14:49:53","slug":"contact","status":"publish","type":"page","link":"https:\/\/eltraserwis.pl\/?page_id=2070","title":{"rendered":"Kontakt"},"content":{"rendered":"\t\t<div data-elementor-type=\"wp-page\" data-elementor-id=\"2070\" class=\"elementor elementor-2070\">\n\t\t\t\t\r\n<div class=\"elementor-element elementor-element-3e34f30 e-flex e-con-boxed e-con e-parent\" data-id=\"3e34f30\" data-element_type=\"container\">\n\t\t\t\t\t<div class=\"e-con-inner\">\n\t\t\t\t<div class=\"elementor-element elementor-element-9f510bc elementor-widget elementor-widget-heading\" data-id=\"9f510bc\" data-element_type=\"widget\" data-widget_type=\"heading.default\">\n\t\t\t\t<div class=\"elementor-widget-container\">\n\t\t\t\t\t<h2 class=\"elementor-heading-title elementor-size-default\">Dane kontaktowe<\/h2>\t\t\t\t<\/div>\n\t\t\t\t<\/div>\n\t\t\r\n\t\t<div class=\"elementor-element elementor-element-7047fef elementor-widget elementor-widget-solakcontactinfo\" data-id=\"7047fef\" data-element_type=\"widget\" data-widget_type=\"solakcontactinfo.default\">\n\t\t\t\t<div class=\"elementor-widget-container\">\n\t\t\t\t\t<div class=\"row gy-4\"><div class=\"col-xl-4 col-md-6\"><div class=\"contact-media\"><div class=\"icon-btn\"><i class=\"fa-sharp fa-light fa-location-dot\"><\/i><\/div><div class=\"media-body\"><h4 class=\"box-title\">Nasz adres<\/h4><p class=\"box-text\">Eltra Serwis sp. z o.o.\nUl.Limanowskiego 10\/10<br>\n60-744 Pozna\u0144 <\/p><\/div><\/div><\/div><div class=\"col-xl-4 col-md-6\"><div class=\"contact-media\"><div class=\"icon-btn\"><i class=\"fa-light fa-phone\"><\/i><\/div><div class=\"media-body\"><h4 class=\"box-title\">Kontakt<\/h4><p class=\"box-text\"><a href=\"tel:+4861 111 0094\">Telefon: 61 111 0094<\/a>\n<a href=\"mailto:kontakt@eltraserwis.pl\">Email: kontakt@eltraserwis.pl  <\/a><\/p><\/div><\/div><\/div><\/div>\t\t\t\t<\/div>\n\t\t\t\t<\/div>\n\t\t\t\t\t<\/div>\n\t\t\t\t<\/div>\n\t\t<div class=\"elementor-element elementor-element-36a300c e-flex e-con-boxed e-con e-parent\" data-id=\"36a300c\" data-element_type=\"container\">\n\t\t\t\t\t<div class=\"e-con-inner\">\n\t\t<div class=\"elementor-element elementor-element-29932a4 e-con-full e-flex e-con e-child\" data-id=\"29932a4\" data-element_type=\"container\">\n\t\t\t\t<div class=\"elementor-element elementor-element-0dd5acf elementor-widget elementor-widget-solakcontactform\" data-id=\"0dd5acf\" data-element_type=\"widget\" data-widget_type=\"solakcontactform.default\">\n\t\t\t\t<div class=\"elementor-widget-container\">\n\t\t\t\t\t<div class=\"contact-form2 input-smoke ajax-contact\"><h3 class=\"h2 mt-n3 mb-25 title\">Pozosta\u0144my w kontaktcie<\/h3>\n<div class=\"wpcf7 no-js\" id=\"wpcf7-f32-o1\" lang=\"pl-PL\" dir=\"ltr\" data-wpcf7-id=\"32\">\n<div class=\"screen-reader-response\"><p role=\"status\" aria-live=\"polite\" aria-atomic=\"true\"><\/p> <ul><\/ul><\/div>\n<form action=\"\/index.php?rest_route=%2Fwp%2Fv2%2Fpages%2F2070#wpcf7-f32-o1\" method=\"post\" class=\"wpcf7-form init\" aria-label=\"Formularz kontaktowy\" novalidate=\"novalidate\" data-status=\"init\">\n<div style=\"display: none;\">\n<input type=\"hidden\" name=\"_wpcf7\" value=\"32\" \/>\n<input type=\"hidden\" name=\"_wpcf7_version\" value=\"6.0.6\" \/>\n<input type=\"hidden\" name=\"_wpcf7_locale\" value=\"pl_PL\" \/>\n<input type=\"hidden\" name=\"_wpcf7_unit_tag\" value=\"wpcf7-f32-o1\" \/>\n<input type=\"hidden\" name=\"_wpcf7_container_post\" value=\"0\" \/>\n<input type=\"hidden\" name=\"_wpcf7_posted_data_hash\" value=\"\" \/>\n<\/div>\n<label> Imi\u0119 i nazwisko\n    <span class=\"wpcf7-form-control-wrap\" data-name=\"your-name\"><input size=\"40\" maxlength=\"400\" class=\"wpcf7-form-control wpcf7-text wpcf7-validates-as-required\" autocomplete=\"name\" aria-required=\"true\" aria-invalid=\"false\" value=\"\" type=\"text\" name=\"your-name\" \/><\/span> <\/label>\n\n<label> Adres e-mail\n    <span class=\"wpcf7-form-control-wrap\" data-name=\"your-email\"><input size=\"40\" maxlength=\"400\" class=\"wpcf7-form-control wpcf7-email wpcf7-validates-as-required wpcf7-text wpcf7-validates-as-email\" autocomplete=\"email\" aria-required=\"true\" aria-invalid=\"false\" value=\"\" type=\"email\" name=\"your-email\" \/><\/span> <\/label>\n\n<label> Temat wiadomo\u015bci\n    <span class=\"wpcf7-form-control-wrap\" data-name=\"your-subject\"><input size=\"40\" maxlength=\"400\" class=\"wpcf7-form-control wpcf7-text wpcf7-validates-as-required\" aria-required=\"true\" aria-invalid=\"false\" value=\"\" type=\"text\" name=\"your-subject\" \/><\/span> <\/label>\n\n<label> Twoja wiadomo\u015b\u0107\n    <span class=\"wpcf7-form-control-wrap\" data-name=\"your-message\"><textarea cols=\"40\" rows=\"10\" maxlength=\"2000\" class=\"wpcf7-form-control wpcf7-textarea\" aria-invalid=\"false\" name=\"your-message\"><\/textarea><\/span> <\/label>\n\n<input class=\"wpcf7-form-control wpcf7-submit has-spinner\" type=\"submit\" value=\"Wy\u015blij\" \/><div class=\"wpcf7-response-output\" aria-hidden=\"true\"><\/div>\n<\/form>\n<\/div>\n<\/div>\t\t\t\t<\/div>\n\t\t\t\t<\/div>\n\t\t\t\t<\/div>\n\t\t<div class=\"elementor-element elementor-element-c50815b e-con-full e-flex e-con e-child\" data-id=\"c50815b\" data-element_type=\"container\">\n\t\t\t\t<div class=\"elementor-element elementor-element-7ed6d08 elementor-widget elementor-widget-google_maps\" data-id=\"7ed6d08\" data-element_type=\"widget\" data-widget_type=\"google_maps.default\">\n\t\t\t\t<div class=\"elementor-widget-container\">\n\t\t\t\t\t\t\t<div class=\"elementor-custom-embed\">\n\t\t\t<iframe loading=\"lazy\"\n\t\t\t\t\tsrc=\"https:\/\/maps.google.com\/maps?q=Ul.Limanowskiego%2010%2F10%2060-744%20Pozna%C5%84%20&#038;t=m&#038;z=10&#038;output=embed&#038;iwloc=near\"\n\t\t\t\t\ttitle=\"Ul.Limanowskiego 10\/10 60-744 Pozna\u0144 \"\n\t\t\t\t\taria-label=\"Ul.Limanowskiego 10\/10 60-744 Pozna\u0144 \"\n\t\t\t><\/iframe>\n\t\t<\/div>\n\t\t\t\t\t\t<\/div>\n\t\t\t\t<\/div>\n\t\t\t\t<\/div>\n\t\t\t\t\t<\/div>\n\t\t\t\t<\/div>\n\t\t\t\t<\/div>\n\t\t","protected":false},"excerpt":{"rendered":"<p>Dane kontaktowe Nasz adres Eltra Serwis sp. z o.o. Ul.Limanowskiego 10\/10 60-744 Pozna\u0144 Kontakt Telefon: 61 111 0094 Email: kontakt@eltraserwis.pl Pozosta\u0144my w kontaktcie Imi\u0119 i nazwisko Adres e-mail Temat wiadomo\u015bci Twoja wiadomo\u015b\u0107<\/p>\n","protected":false},"author":1,"featured_media":0,"parent":0,"menu_order":0,"comment_status":"closed","ping_status":"closed","template":"template-builder.php","meta":{"footnotes":""},"class_list":["post-2070","page","type-page","status-publish","hentry"],"_links":{"self":[{"href":"https:\/\/eltraserwis.pl\/index.php?rest_route=\/wp\/v2\/pages\/2070","targetHints":{"allow":["GET"]}}],"collection":[{"href":"https:\/\/eltraserwis.pl\/index.php?rest_route=\/wp\/v2\/pages"}],"about":[{"href":"https:\/\/eltraserwis.pl\/index.php?rest_route=\/wp\/v2\/types\/page"}],"author":[{"embeddable":true,"href":"https:\/\/eltraserwis.pl\/index.php?rest_route=\/wp\/v2\/users\/1"}],"replies":[{"embeddable":true,"href":"https:\/\/eltraserwis.pl\/index.php?rest_route=%2Fwp%2Fv2%2Fcomments&post=2070"}],"version-history":[{"count":10,"href":"https:\/\/eltraserwis.pl\/index.php?rest_route=\/wp\/v2\/pages\/2070\/revisions"}],"predecessor-version":[{"id":2644,"href":"https:\/\/eltraserwis.pl\/index.php?rest_route=\/wp\/v2\/pages\/2070\/revisions\/2644"}],"wp:attachment":[{"href":"https:\/\/eltraserwis.pl\/index.php?rest_route=%2Fwp%2Fv2%2Fmedia&parent=2070"}],"curies":[{"name":"wp","href":"https:\/\/api.w.org\/{rel}","templated":true}]}}