{"id":2074,"date":"2025-01-05T05:36:38","date_gmt":"2025-01-05T05:36:38","guid":{"rendered":"https:\/\/wordpress.themeholy.com\/solak\/?page_id=36"},"modified":"2025-04-24T17:10:09","modified_gmt":"2025-04-24T15:10:09","slug":"appointment","status":"publish","type":"page","link":"https:\/\/eltraserwis.pl\/?page_id=2074","title":{"rendered":"Formularz rekrutacyjny"},"content":{"rendered":"\t\t<div data-elementor-type=\"wp-page\" data-elementor-id=\"2074\" class=\"elementor elementor-2074\">\n\t\t\t\t\r\n<div class=\"elementor-element elementor-element-cb7aba8 e-flex e-con-boxed e-con e-parent\" data-id=\"cb7aba8\" data-element_type=\"container\">\n\t\t\t\t\t<div class=\"e-con-inner\">\n\t\t\r\n\t\t<div class=\"elementor-element elementor-element-05232ac elementor-widget elementor-widget-solaksectiontitle\" data-id=\"05232ac\" data-element_type=\"widget\" data-widget_type=\"solaksectiontitle.default\">\n\t\t\t\t<div class=\"elementor-widget-container\">\n\t\t\t\t\t\t\t<div class=\"title-area text-center \">\r\n\t\t\t<span class=\"sub-title \">KARIERA<\/span><h2 class=\"sec-title \">Chcesz do\u0142\u0105czy\u0107 do naszego zespo\u0142u?<\/h2><p>Zg\u0142o\u015b si\u0119 ju\u017c teraz! Wype\u0142niaj\u0105c formularz kontaktowy, umo\u017cliwisz nam szybkie\nskontaktowanie si\u0119 z Tob\u0105. Przedstawimy Ci szczeg\u00f3\u0142y wsp\u00f3\u0142pracy, oferuj\u0105c atrakcyjne\nwarunki oraz pe\u0142ne wsparcie. Z Eltra Serwis rozw\u00f3j Twojej firmy to gwarancja sukcesu w\nbran\u017cy OZE.<\/p>\t\t<\/div>\r\n\r\n\t\t\t\t\t<\/div>\n\t\t\t\t<\/div>\n\t\t\t\t\t<\/div>\n\t\t\t\t<\/div>\n\t\t<div class=\"elementor-element elementor-element-23cd96f e-flex e-con-boxed e-con e-parent\" data-id=\"23cd96f\" data-element_type=\"container\">\n\t\t\t\t\t<div class=\"e-con-inner\">\n\t\t\t\t<div class=\"elementor-element elementor-element-1e74182 elementor-widget elementor-widget-solakcontactform\" data-id=\"1e74182\" data-element_type=\"widget\" data-widget_type=\"solakcontactform.default\">\n\t\t\t\t<div class=\"elementor-widget-container\">\n\t\t\t\t\t<div class=\"appoinment-area2 bg-smoke2\"><div class=\"row justify-content-between\"><div class=\"col-xl-6\"><div class=\"appointment-content2\"><div class=\"appointment-form2 ajax-contact\">\n<div class=\"wpcf7 no-js\" id=\"wpcf7-f2547-o1\" lang=\"en-US\" dir=\"ltr\" data-wpcf7-id=\"2547\">\n<div class=\"screen-reader-response\"><p role=\"status\" aria-live=\"polite\" aria-atomic=\"true\"><\/p> <ul><\/ul><\/div>\n<form action=\"\/index.php?rest_route=%2Fwp%2Fv2%2Fpages%2F2074#wpcf7-f2547-o1\" method=\"post\" class=\"wpcf7-form init\" aria-label=\"Contact form\" enctype=\"multipart\/form-data\" novalidate=\"novalidate\" data-status=\"init\">\n<div style=\"display: none;\">\n<input type=\"hidden\" name=\"_wpcf7\" value=\"2547\" \/>\n<input type=\"hidden\" name=\"_wpcf7_version\" value=\"6.0.6\" \/>\n<input type=\"hidden\" name=\"_wpcf7_locale\" value=\"en_US\" \/>\n<input type=\"hidden\" name=\"_wpcf7_unit_tag\" value=\"wpcf7-f2547-o1\" \/>\n<input type=\"hidden\" name=\"_wpcf7_container_post\" value=\"0\" \/>\n<input type=\"hidden\" name=\"_wpcf7_posted_data_hash\" value=\"\" \/>\n<\/div>\n<div class=\"row\">\n  <div class=\"form-group col-md-6\">\n    <span class=\"wpcf7-form-control-wrap\" data-name=\"full-name\"><input size=\"40\" maxlength=\"400\" class=\"wpcf7-form-control wpcf7-text wpcf7-validates-as-required form-control\" aria-required=\"true\" aria-invalid=\"false\" placeholder=\"Imi\u0119 i nazwisko\" value=\"\" type=\"text\" name=\"full-name\" \/><\/span>\n  <\/div>\n  <div class=\"form-group col-md-6\">\n    <span class=\"wpcf7-form-control-wrap\" data-name=\"email\"><input size=\"40\" maxlength=\"400\" class=\"wpcf7-form-control wpcf7-email wpcf7-validates-as-required wpcf7-text wpcf7-validates-as-email form-control\" aria-required=\"true\" aria-invalid=\"false\" placeholder=\"Adres email\" value=\"\" type=\"email\" name=\"email\" \/><\/span>\n  <\/div>\n  <div class=\"form-group col-md-6\">\n    <span class=\"wpcf7-form-control-wrap\" data-name=\"phone\"><input size=\"40\" maxlength=\"400\" class=\"wpcf7-form-control wpcf7-tel wpcf7-validates-as-required wpcf7-text wpcf7-validates-as-tel form-control\" aria-required=\"true\" aria-invalid=\"false\" placeholder=\"Numer telefonu\" value=\"\" type=\"tel\" name=\"phone\" \/><\/span>\n  <\/div>\n  <div class=\"form-group col-md-6\">\n    <span class=\"wpcf7-form-control-wrap\" data-name=\"interest\"><select class=\"wpcf7-form-control wpcf7-select wpcf7-validates-as-required form-select nice-select\" aria-required=\"true\" aria-invalid=\"false\" name=\"interest\"><option value=\"Zainteresowanie\">Zainteresowanie<\/option><option value=\"Praca\">Praca<\/option><option value=\"Wsp\u00f3\u0142praca B2B\">Wsp\u00f3\u0142praca B2B<\/option><option value=\"Inne\">Inne<\/option><\/select><\/span>\n  <\/div>\n<div class=\"form-group col-12\">\n  <label for=\"cv-upload\" class=\"form-label\">Do\u0142\u0105cz CV<\/label>\n  <span class=\"wpcf7-form-control-wrap\" data-name=\"cv\"><input size=\"40\" class=\"wpcf7-form-control wpcf7-file wpcf7-validates-as-required form-control\" id=\"cv-upload\" accept=\"audio\/*,video\/*,image\/*\" aria-required=\"true\" aria-invalid=\"false\" type=\"file\" name=\"cv\" \/><\/span>\n<\/div>\n  <div class=\"form-group col-12\">\n    <span class=\"wpcf7-form-control-wrap\" data-name=\"message\"><textarea cols=\"40\" rows=\"10\" maxlength=\"2000\" class=\"wpcf7-form-control wpcf7-textarea form-control\" aria-invalid=\"false\" placeholder=\"Dodatkowe informacje lub pytania (opcjonalnie)\" name=\"message\"><\/textarea><\/span>\n  <\/div>\n  \n  <div class=\"form-btn text-xl-start text-center col-12\">\n    <input class=\"wpcf7-form-control wpcf7-submit has-spinner th-btn th-radius fw-btn\" type=\"submit\" value=\"Zg\u0142o\u015b si\u0119 teraz\" \/>\n  <\/div>\n<\/div>\n<p class=\"form-messages mb-0 mt-3\"><\/p><div class=\"wpcf7-response-output\" aria-hidden=\"true\"><\/div>\n<\/form>\n<\/div>\n<\/div><\/div><\/div><div class=\"col-xl-6\"><div class=\"contact-image2\"><img decoding=\"async\" src=\"https:\/\/eltraserwis.pl\/wp-content\/uploads\/2025\/01\/contact-img2.jpg\" alt=\"contact img2\"  \/><\/div><\/div><\/div><\/div>\t\t\t\t<\/div>\n\t\t\t\t<\/div>\n\t\t\t\t\t<\/div>\n\t\t\t\t<\/div>\n\t\t\t\t<\/div>\n\t\t","protected":false},"excerpt":{"rendered":"<p>KARIERA Chcesz do\u0142\u0105czy\u0107 do naszego zespo\u0142u? Zg\u0142o\u015b si\u0119 ju\u017c teraz! Wype\u0142niaj\u0105c formularz kontaktowy, umo\u017cliwisz nam szybkie skontaktowanie si\u0119 z Tob\u0105. Przedstawimy Ci szczeg\u00f3\u0142y wsp\u00f3\u0142pracy, oferuj\u0105c atrakcyjne warunki oraz pe\u0142ne wsparcie. Z Eltra Serwis rozw\u00f3j Twojej firmy to gwarancja sukcesu w bran\u017cy OZE. ZainteresowanieFotowoltaikaPompy ciep\u0142aMagazyny energiiElekrownie wiatroweKot\u0142yKlimatyzacjaWsp\u00f3\u0142praca B2BInne<\/p>\n","protected":false},"author":1,"featured_media":0,"parent":0,"menu_order":0,"comment_status":"closed","ping_status":"closed","template":"template-builder.php","meta":{"footnotes":""},"class_list":["post-2074","page","type-page","status-publish","hentry"],"_links":{"self":[{"href":"https:\/\/eltraserwis.pl\/index.php?rest_route=\/wp\/v2\/pages\/2074","targetHints":{"allow":["GET"]}}],"collection":[{"href":"https:\/\/eltraserwis.pl\/index.php?rest_route=\/wp\/v2\/pages"}],"about":[{"href":"https:\/\/eltraserwis.pl\/index.php?rest_route=\/wp\/v2\/types\/page"}],"author":[{"embeddable":true,"href":"https:\/\/eltraserwis.pl\/index.php?rest_route=\/wp\/v2\/users\/1"}],"replies":[{"embeddable":true,"href":"https:\/\/eltraserwis.pl\/index.php?rest_route=%2Fwp%2Fv2%2Fcomments&post=2074"}],"version-history":[{"count":14,"href":"https:\/\/eltraserwis.pl\/index.php?rest_route=\/wp\/v2\/pages\/2074\/revisions"}],"predecessor-version":[{"id":2560,"href":"https:\/\/eltraserwis.pl\/index.php?rest_route=\/wp\/v2\/pages\/2074\/revisions\/2560"}],"wp:attachment":[{"href":"https:\/\/eltraserwis.pl\/index.php?rest_route=%2Fwp%2Fv2%2Fmedia&parent=2074"}],"curies":[{"name":"wp","href":"https:\/\/api.w.org\/{rel}","templated":true}]}}