{"id":2412,"date":"2025-04-24T13:49:17","date_gmt":"2025-04-24T11:49:17","guid":{"rendered":"https:\/\/eltraserwis.pl\/?page_id=2412"},"modified":"2025-04-24T14:10:10","modified_gmt":"2025-04-24T12:10:10","slug":"klimatyzacja","status":"publish","type":"page","link":"https:\/\/eltraserwis.pl\/?page_id=2412","title":{"rendered":"Klimatyzacja"},"content":{"rendered":"\t\t<div data-elementor-type=\"wp-page\" data-elementor-id=\"2412\" class=\"elementor elementor-2412\">\n\t\t\t\t\r\n<div class=\"elementor-element elementor-element-13f5b33 e-flex e-con-boxed e-con e-parent\" data-id=\"13f5b33\" data-element_type=\"container\">\n\t\t\t\t\t<div class=\"e-con-inner\">\n\t\t<div class=\"elementor-element elementor-element-0a99a2e e-con-full e-flex e-con e-child\" data-id=\"0a99a2e\" data-element_type=\"container\">\n\t\t\r\n\t\t<div class=\"elementor-element elementor-element-c4cf7f2 elementor-widget elementor-widget-solakimage\" data-id=\"c4cf7f2\" data-element_type=\"widget\" data-widget_type=\"solakimage.default\">\n\t\t\t\t<div class=\"elementor-widget-container\">\n\t\t\t\t\t<div class=\"page-img global-img\"><img decoding=\"async\" src=\"https:\/\/eltraserwis.pl\/wp-content\/uploads\/2025\/04\/klimatyzacja2.png\" alt=\"klimatyzacja2\"  \/><\/div>\t\t\t\t<\/div>\n\t\t\t\t<\/div>\n\t\t\t\t<div class=\"elementor-element elementor-element-ad1b4d9 elementor-widget elementor-widget-heading\" data-id=\"ad1b4d9\" data-element_type=\"widget\" data-widget_type=\"heading.default\">\n\t\t\t\t<div class=\"elementor-widget-container\">\n\t\t\t\t\t<h2 class=\"elementor-heading-title elementor-size-default\">Klimatyzacja \u2013 komfort przez ca\u0142y rok<\/h2>\t\t\t\t<\/div>\n\t\t\t\t<\/div>\n\t\t\t\t<div class=\"elementor-element elementor-element-009a576 elementor-widget elementor-widget-text-editor\" data-id=\"009a576\" data-element_type=\"widget\" data-widget_type=\"text-editor.default\">\n\t\t\t\t<div class=\"elementor-widget-container\">\n\t\t\t\t\t\t\t\t\t<p>Nowoczesne systemy klimatyzacji ch\u0142odz\u0105, ogrzewaj\u0105 i filtruj\u0105 powietrze w Twoim domu lub biurze.<\/p><p>Oferujemy urz\u0105dzenia inwerterowe o wysokiej klasie energetycznej, montowane przez certyfikowane ekipy.<\/p>\t\t\t\t\t\t\t\t<\/div>\n\t\t\t\t<\/div>\n\t\t\t\t<div class=\"elementor-element elementor-element-7c51e44 elementor-widget elementor-widget-heading\" data-id=\"7c51e44\" data-element_type=\"widget\" data-widget_type=\"heading.default\">\n\t\t\t\t<div class=\"elementor-widget-container\">\n\t\t\t\t\t<h4 class=\"elementor-heading-title elementor-size-default\">Co zyskujesz?<\/h4>\t\t\t\t<\/div>\n\t\t\t\t<\/div>\n\t\t<div class=\"elementor-element elementor-element-9060226 e-con-full e-flex e-con e-child\" data-id=\"9060226\" data-element_type=\"container\">\n\t\t\t\t<div class=\"elementor-element elementor-element-efc8044 elementor-widget__width-initial elementor-widget-tablet__width-inherit elementor-widget elementor-widget-html\" data-id=\"efc8044\" data-element_type=\"widget\" data-widget_type=\"html.default\">\n\t\t\t\t<div class=\"elementor-widget-container\">\n\t\t\t\t\t<div class=\"checklist style6\">\r\n<ul>\r\n<li>Ch\u0142odzenie latem, dogrzewanie zim\u0105<\/li>\r\n<li>Czyste powietrze bez wilgoci i alergen\u00f3w<\/li>\r\n<li>Ekonomiczne dzia\u0142anie i cicha praca<\/li>\r\n<li>Estetyczne urz\u0105dzenia dopasowane do wn\u0119trz<\/li>\r\n\r\n\r\n<\/ul>\r\n<\/div>\t\t\t\t<\/div>\n\t\t\t\t<\/div>\n\t\t\t\t<div class=\"elementor-element elementor-element-09913e6 elementor-widget__width-initial elementor-widget-tablet__width-inherit elementor-widget elementor-widget-solakimage\" data-id=\"09913e6\" data-element_type=\"widget\" data-widget_type=\"solakimage.default\">\n\t\t\t\t<div class=\"elementor-widget-container\">\n\t\t\t\t\t<div class=\"row\"><div class=\"col-6\"><div class=\"page-img style1 global-img\"><img decoding=\"async\" src=\"https:\/\/eltraserwis.pl\/wp-content\/uploads\/2025\/04\/klimatyzacja.png\" alt=\"klimatyzacja\"  class=\"w-100\" \/><\/div><\/div><div class=\"col-6\"><div class=\"page-img style1 global-img\"><img decoding=\"async\" src=\"https:\/\/eltraserwis.pl\/wp-content\/uploads\/2025\/04\/klimatyzacja1.png\" alt=\"klimatyzacja1\"  class=\"w-100\" \/><\/div><\/div><\/div>\t\t\t\t<\/div>\n\t\t\t\t<\/div>\n\t\t\t\t<\/div>\n\t\t\t\t<div class=\"elementor-element elementor-element-126ebd9 elementor-widget elementor-widget-heading\" data-id=\"126ebd9\" data-element_type=\"widget\" data-widget_type=\"heading.default\">\n\t\t\t\t<div class=\"elementor-widget-container\">\n\t\t\t\t\t<h4 class=\"elementor-heading-title elementor-size-default\">Wsp\u00f3lna cecha wszystkich us\u0142ug Eltra Serwis:<\/h4>\t\t\t\t<\/div>\n\t\t\t\t<\/div>\n\t\t\t\t<div class=\"elementor-element elementor-element-dfd08b7 elementor-widget elementor-widget-solakfeatures\" data-id=\"dfd08b7\" data-element_type=\"widget\" data-widget_type=\"solakfeatures.default\">\n\t\t\t\t<div class=\"elementor-widget-container\">\n\t\t\t\t\t<div class=\"service-process-wrap\"><div class=\"service-process\"><div class=\"service-process_img\"><img decoding=\"async\" src=\"https:\/\/eltraserwis.pl\/wp-content\/uploads\/2025\/04\/feature_1_1.png\" alt=\"feature_1_1\"  \/><\/div><div class=\"service-process_centent\"><h5 class=\"service-process_title\">Tylko sprawdzone, jako\u015bciowe urz\u0105dzenia<\/h5><\/div><\/div><div class=\"service-process\"><div class=\"service-process_img\"><img decoding=\"async\" src=\"https:\/\/eltraserwis.pl\/wp-content\/uploads\/2025\/04\/feature_1_2.png\" alt=\"feature_1_2\"  \/><\/div><div class=\"service-process_centent\"><h5 class=\"service-process_title\">Certyfikowani instalatorzy i serwisanci\n<\/h5><p class=\"service-process_text\">\n<\/p><\/div><\/div><div class=\"service-process\"><div class=\"service-process_img\"><img decoding=\"async\" src=\"https:\/\/eltraserwis.pl\/wp-content\/uploads\/2025\/04\/process_2_1.png\" alt=\"process_2_1\"  \/><\/div><div class=\"service-process_centent\"><h5 class=\"service-process_title\">Pomoc w formalno\u015bciach i dotacjach<\/h5><\/div><\/div><div class=\"service-process\"><div class=\"service-process_img\"><img decoding=\"async\" src=\"https:\/\/eltraserwis.pl\/wp-content\/uploads\/2025\/04\/feature_1_4.png\" alt=\"feature_1_4\"  \/><\/div><div class=\"service-process_centent\"><h5 class=\"service-process_title\">Obs\u0142uga inwestycji na terenie ca\u0142ego kraju<\/h5><\/div><\/div><div class=\"service-process\"><div class=\"service-process_img\"><img decoding=\"async\" src=\"https:\/\/eltraserwis.pl\/wp-content\/uploads\/2025\/04\/feature_1_3.png\" alt=\"feature_1_3\"  \/><\/div><div class=\"service-process_centent\"><h5 class=\"service-process_title\">Mo\u017cliwo\u015b\u0107 \u0142\u0105czenia system\u00f3w (PV + pompa + magazyn + wiatrak) w jedn\u0105, sp\u00f3jn\u0105 instalacj\u0119\nhybrydow\u0105<\/h5><\/div><\/div><\/div>\t\t\t\t<\/div>\n\t\t\t\t<\/div>\n\t\t\t\t<\/div>\n\t\t<div class=\"elementor-element elementor-element-49dbbb3 e-con-full e-flex e-con e-child\" data-id=\"49dbbb3\" data-element_type=\"container\">\n\t\t\t\t<div class=\"elementor-element elementor-element-b228f27 widget widget_search elementor-widget elementor-widget-wp-widget-solak_search_form_widget\" data-id=\"b228f27\" data-element_type=\"widget\" data-widget_type=\"wp-widget-solak_search_form_widget.default\">\n\t\t\t\t<div class=\"elementor-widget-container\">\n\t\t\t\t\t<form class=\"search-form\" action=\"https:\/\/eltraserwis.pl\/\"><input type=\"text\" name=\"s\" placeholder=\"Szukaj...\"><button type=\"submit\"><i class=\"far fa-search\"><\/i><\/button><\/form>\t\t\t\t<\/div>\n\t\t\t\t<\/div>\n\t\t\t\t<div class=\"elementor-element elementor-element-52d738f elementor-widget elementor-widget-solakservicelist\" data-id=\"52d738f\" data-element_type=\"widget\" data-widget_type=\"solakservicelist.default\">\n\t\t\t\t<div class=\"elementor-widget-container\">\n\t\t\t\t\t<div class=\"widget widget_nav_menu\"><h3 class=\"widget_title style2\">Wszystkie us\u0142ugi<\/h3><ul><li><a href=\"https:\/\/eltraserwis.pl\/?page_id=504\">Fotowoltaika<\/a><\/li><li><a href=\"https:\/\/eltraserwis.pl\/?page_id=2311\">Magazyny energii<\/a><\/li><li><a href=\"https:\/\/eltraserwis.pl\/?page_id=2347\">Pompy ciep\u0142a<\/a><\/li><li><a href=\"https:\/\/eltraserwis.pl\/?page_id=2371\">Elektrownie wiatrowe<\/a><\/li><li><a href=\"https:\/\/eltraserwis.pl\/?page_id=2388\">Kot\u0142y zgazowuj\u0105ce i na pellet<\/a><\/li><li><a href=\"https:\/\/eltraserwis.pl\/?page_id=2412\">Klimatyzacja<\/a><\/li><\/ul><\/div>\t\t\t\t<\/div>\n\t\t\t\t<\/div>\n\t\t\t\t<\/div>\n\t\t\t\t\t<\/div>\n\t\t\t\t<\/div>\n\t\t\t\t<\/div>\n\t\t","protected":false},"excerpt":{"rendered":"<p>Klimatyzacja \u2013 komfort przez ca\u0142y rok Nowoczesne systemy klimatyzacji ch\u0142odz\u0105, ogrzewaj\u0105 i filtruj\u0105 powietrze w Twoim domu lub biurze. Oferujemy urz\u0105dzenia inwerterowe o wysokiej klasie energetycznej, montowane przez certyfikowane ekipy. Co zyskujesz? Ch\u0142odzenie latem, dogrzewanie zim\u0105 Czyste powietrze bez wilgoci i alergen\u00f3w Ekonomiczne dzia\u0142anie i cicha praca Estetyczne urz\u0105dzenia dopasowane do wn\u0119trz Wsp\u00f3lna cecha wszystkich&#8230;<\/p>\n","protected":false},"author":1,"featured_media":0,"parent":0,"menu_order":0,"comment_status":"closed","ping_status":"closed","template":"template-builder.php","meta":{"footnotes":""},"class_list":["post-2412","page","type-page","status-publish","hentry"],"_links":{"self":[{"href":"https:\/\/eltraserwis.pl\/index.php?rest_route=\/wp\/v2\/pages\/2412","targetHints":{"allow":["GET"]}}],"collection":[{"href":"https:\/\/eltraserwis.pl\/index.php?rest_route=\/wp\/v2\/pages"}],"about":[{"href":"https:\/\/eltraserwis.pl\/index.php?rest_route=\/wp\/v2\/types\/page"}],"author":[{"embeddable":true,"href":"https:\/\/eltraserwis.pl\/index.php?rest_route=\/wp\/v2\/users\/1"}],"replies":[{"embeddable":true,"href":"https:\/\/eltraserwis.pl\/index.php?rest_route=%2Fwp%2Fv2%2Fcomments&post=2412"}],"version-history":[{"count":10,"href":"https:\/\/eltraserwis.pl\/index.php?rest_route=\/wp\/v2\/pages\/2412\/revisions"}],"predecessor-version":[{"id":2447,"href":"https:\/\/eltraserwis.pl\/index.php?rest_route=\/wp\/v2\/pages\/2412\/revisions\/2447"}],"wp:attachment":[{"href":"https:\/\/eltraserwis.pl\/index.php?rest_route=%2Fwp%2Fv2%2Fmedia&parent=2412"}],"curies":[{"name":"wp","href":"https:\/\/api.w.org\/{rel}","templated":true}]}}