{"id":501,"date":"2025-01-08T02:35:00","date_gmt":"2025-01-08T02:35:00","guid":{"rendered":"https:\/\/wordpress.themeholy.com\/solak\/?page_id=501"},"modified":"2025-04-25T13:06:33","modified_gmt":"2025-04-25T11:06:33","slug":"services","status":"publish","type":"page","link":"https:\/\/eltraserwis.pl\/?page_id=501","title":{"rendered":"Oferta"},"content":{"rendered":"\t\t<div data-elementor-type=\"wp-page\" data-elementor-id=\"501\" class=\"elementor elementor-501\">\n\t\t\t\t\r\n<div class=\"elementor-element elementor-element-63b03ab arrow-wrap e-flex e-con-boxed e-con e-parent\" data-id=\"63b03ab\" data-element_type=\"container\" data-settings=\"{&quot;background_background&quot;:&quot;classic&quot;}\">\n\t\t\t\t\t<div class=\"e-con-inner\">\n\t\t\r\n\t\t<div class=\"elementor-element elementor-element-f3075ff elementor-widget__width-initial elementor-widget elementor-widget-solaksectiontitle\" data-id=\"f3075ff\" data-element_type=\"widget\" data-widget_type=\"solaksectiontitle.default\">\n\t\t\t\t<div class=\"elementor-widget-container\">\n\t\t\t\t\t\t\t<div class=\"title-area text-center \">\r\n\t\t\t<span class=\"sub-title text-ani-style2\">Oferta Eltra Serwis<\/span><h2 class=\"sec-title text-ani-style3\">Nowoczesna energia. Profesjonalne podej\u015bcie. Kompleksowa obs\u0142uga.<\/h2><p>Nasz\u0105 ofert\u0119 kierujemy do klient\u00f3w indywidualnych, firm, gospodarstw rolnych oraz wsp\u00f3lnot i\nsp\u00f3\u0142dzielni mieszkaniowych. Dzia\u0142amy kompleksowo \u2013 od doradztwa i projektu, przez monta\u017c, a\u017c po\nserwis oraz pomoc w uzyskaniu dotacji. Wszystko w oparciu o sprawdzone, wysokiej jako\u015bci\nprodukty, kt\u00f3re zapewniaj\u0105 efektywno\u015b\u0107 i niezawodno\u015b\u0107 przez d\u0142ugie lata.<\/p>\t\t<\/div>\r\n\r\n\t\t\t\t\t<\/div>\n\t\t\t\t<\/div>\n\t\t\t\t<div class=\"elementor-element elementor-element-f934ecd elementor-widget elementor-widget-solakservice2\" data-id=\"f934ecd\" data-element_type=\"widget\" data-widget_type=\"solakservice2.default\">\n\t\t\t\t<div class=\"elementor-widget-container\">\n\t\t\t\t\t<div class=\"row gy-4\"><div class=\"col-md-6 col-xl-4 col-xxl-3\"><div class=\"service-card style2\"><div class=\"service-overlay\" data-bg-src=\"https:\/\/eltraserwis.pl\/wp-content\/uploads\/2025\/04\/image19.png\"><\/div><div class=\"box-content\"><div class=\"box-icon\"><img decoding=\"async\" src=\"https:\/\/wordpress.themeholy.com\/solak\/wp-content\/uploads\/2025\/01\/service_1_1.svg\" alt=\"service_1_1\"  \/><\/div><div class=\"box-img\" data-mask-src=\"https:\/\/eltraserwis.pl\/wp-content\/plugins\/solak-core\/assets\/img\/shape\/ser-shape.png\"><img decoding=\"async\" src=\"https:\/\/eltraserwis.pl\/wp-content\/uploads\/2025\/04\/image20.png\" alt=\"image20\"  \/><\/div><h3 class=\"box-title\"><a href=\"https:\/\/eltraserwis.pl\/?page_id=504\">Fotowoltaika<\/a><\/h3><p class=\"box-text\">Instalacje fotowoltaiczne dla domu, firmy i rolnictwa \u2013 wykonane z wykorzystaniem paneli i falownik\u00f3w renomowanych producent\u00f3w.<\/p><a href=\"https:\/\/eltraserwis.pl\/?page_id=504\" class=\"th-btn border-btn th-icon fw-medium text-uppercase\"><span class=\"btn-text\" data-back=\"zobacz szczeg\u00f3\u0142y\" data-front=\"zobacz szczeg\u00f3\u0142y\"><\/span><i class=\"fa-regular fa-arrow-right ms-2\"><\/i> <\/a><\/div><\/div><\/div><div class=\"col-md-6 col-xl-4 col-xxl-3\"><div class=\"service-card style2\"><div class=\"service-overlay\" data-bg-src=\"https:\/\/eltraserwis.pl\/wp-content\/uploads\/2025\/04\/image17.png\"><\/div><div class=\"box-content\"><div class=\"box-icon\"><img decoding=\"async\" src=\"https:\/\/eltraserwis.pl\/wp-content\/uploads\/2025\/01\/service_1_3.svg\" alt=\"service_1_3\"  \/><\/div><div class=\"box-img\" data-mask-src=\"https:\/\/eltraserwis.pl\/wp-content\/plugins\/solak-core\/assets\/img\/shape\/ser-shape.png\"><img decoding=\"async\" src=\"https:\/\/eltraserwis.pl\/wp-content\/uploads\/2025\/04\/image18.png\" alt=\"image18\"  \/><\/div><h3 class=\"box-title\"><a href=\"https:\/\/eltraserwis.pl\/?page_id=2311\">Magazyny energii<\/a><\/h3><p class=\"box-text\">Systemy magazynowania energii to klucz do efektywnego wykorzystania wyprodukowanego pr\u0105du. Zyskaj pe\u0142n\u0105 kontrol\u0119 nad energi\u0105.<\/p><a href=\"https:\/\/eltraserwis.pl\/?page_id=2311\" class=\"th-btn border-btn th-icon fw-medium text-uppercase\"><span class=\"btn-text\" data-back=\"zobacz szczeg\u00f3\u0142y\" data-front=\"zobacz szczeg\u00f3\u0142y\"><\/span><i class=\"fa-regular fa-arrow-right ms-2\"><\/i> <\/a><\/div><\/div><\/div><div class=\"col-md-6 col-xl-4 col-xxl-3\"><div class=\"service-card style2\"><div class=\"service-overlay\" data-bg-src=\"https:\/\/eltraserwis.pl\/wp-content\/uploads\/2025\/04\/image114.png\"><\/div><div class=\"box-content\"><div class=\"box-icon\"><img decoding=\"async\" src=\"https:\/\/eltraserwis.pl\/wp-content\/uploads\/2025\/01\/service_1_2.svg\" alt=\"service_1_2\"  \/><\/div><div class=\"box-img\" data-mask-src=\"https:\/\/eltraserwis.pl\/wp-content\/plugins\/solak-core\/assets\/img\/shape\/ser-shape.png\"><img decoding=\"async\" src=\"https:\/\/eltraserwis.pl\/wp-content\/uploads\/2025\/04\/image11.png\" alt=\"image11\"  \/><\/div><h3 class=\"box-title\"><a href=\"https:\/\/eltraserwis.pl\/?page_id=2347\">Pompy ciep\u0142a<\/a><\/h3><p class=\"box-text\">Pompy ciep\u0142a to ekologiczne i ekonomiczne \u017ar\u00f3d\u0142o ogrzewania budynk\u00f3w oraz podgrzewania wody u\u017cytkowej.<\/p><a href=\"https:\/\/eltraserwis.pl\/?page_id=2347\" class=\"th-btn border-btn th-icon fw-medium text-uppercase\"><span class=\"btn-text\" data-back=\"zobacz szczeg\u00f3\u0142y\" data-front=\"zobacz szczeg\u00f3\u0142y\"><\/span><i class=\"fa-regular fa-arrow-right ms-2\"><\/i> <\/a><\/div><\/div><\/div><div class=\"col-md-6 col-xl-4 col-xxl-3\"><div class=\"service-card style2\"><div class=\"service-overlay\" data-bg-src=\"https:\/\/eltraserwis.pl\/wp-content\/uploads\/2025\/01\/project_3_1.jpg\"><\/div><div class=\"box-content\"><div class=\"box-icon\"><img decoding=\"async\" src=\"https:\/\/eltraserwis.pl\/wp-content\/uploads\/2025\/01\/counter_2_1.svg\" alt=\"counter_2_1\"  \/><\/div><div class=\"box-img\" data-mask-src=\"https:\/\/eltraserwis.pl\/wp-content\/plugins\/solak-core\/assets\/img\/shape\/ser-shape.png\"><img decoding=\"async\" src=\"https:\/\/eltraserwis.pl\/wp-content\/uploads\/2025\/01\/service_1_5.jpg\" alt=\"service_1_5\"  \/><\/div><h3 class=\"box-title\"><a href=\"https:\/\/eltraserwis.pl\/?page_id=2371\">Elektrownie wiatrowe<\/a><\/h3><p class=\"box-text\">Przydomowe elektrownie wiatrowe to coraz cz\u0119\u015bciej wybierana forma uzupe\u0142nienia instalacji PV lub niezale\u017cnego \u017ar\u00f3d\u0142a energii.<\/p><a href=\"https:\/\/eltraserwis.pl\/?page_id=2371\" class=\"th-btn border-btn th-icon fw-medium text-uppercase\"><span class=\"btn-text\" data-back=\"zobacz szczeg\u00f3\u0142y\" data-front=\"zobacz szczeg\u00f3\u0142y\"><\/span><i class=\"fa-regular fa-arrow-right ms-2\"><\/i> <\/a><\/div><\/div><\/div><div class=\"col-md-6 col-xl-4 col-xxl-3\"><div class=\"service-card style2\"><div class=\"service-overlay\" data-bg-src=\"https:\/\/eltraserwis.pl\/wp-content\/uploads\/2025\/04\/image14.png\"><\/div><div class=\"box-content\"><div class=\"box-icon\"><img decoding=\"async\" src=\"https:\/\/eltraserwis.pl\/wp-content\/uploads\/2025\/01\/service_1_8.svg\" alt=\"service_1_8\"  \/><\/div><div class=\"box-img\" data-mask-src=\"https:\/\/eltraserwis.pl\/wp-content\/plugins\/solak-core\/assets\/img\/shape\/ser-shape.png\"><img decoding=\"async\" src=\"https:\/\/eltraserwis.pl\/wp-content\/uploads\/2025\/04\/image13.png\" alt=\"image13\"  \/><\/div><h3 class=\"box-title\"><a href=\"https:\/\/eltraserwis.pl\/?page_id=2388\">Kot\u0142y zgazowuj\u0105ce i na pellet<\/a><\/h3><p class=\"box-text\">Ekologiczne kot\u0142y na biomas\u0119 to po\u0142\u0105czenie tradycji z nowoczesn\u0105 technologi\u0105, oferuj\u0105ce wydajne i przyjazne \u015brodowisku ogrzewanie<\/p><a href=\"https:\/\/eltraserwis.pl\/?page_id=2388\" class=\"th-btn border-btn th-icon fw-medium text-uppercase\"><span class=\"btn-text\" data-back=\"zobacz szceg\u00f3\u0142y\" data-front=\"zobacz szceg\u00f3\u0142y\"><\/span><i class=\"fa-regular fa-arrow-right ms-2\"><\/i> <\/a><\/div><\/div><\/div><div class=\"col-md-6 col-xl-4 col-xxl-3\"><div class=\"service-card style2\"><div class=\"service-overlay\" data-bg-src=\"https:\/\/eltraserwis.pl\/wp-content\/uploads\/2025\/04\/image15.png\"><\/div><div class=\"box-content\"><div class=\"box-icon\"><img decoding=\"async\" src=\"https:\/\/eltraserwis.pl\/wp-content\/uploads\/2025\/01\/service_1_5.svg\" alt=\"service_1_5\"  \/><\/div><div class=\"box-img\" data-mask-src=\"https:\/\/eltraserwis.pl\/wp-content\/plugins\/solak-core\/assets\/img\/shape\/ser-shape.png\"><img decoding=\"async\" src=\"https:\/\/eltraserwis.pl\/wp-content\/uploads\/2025\/04\/image16.png\" alt=\"image16\"  \/><\/div><h3 class=\"box-title\"><a href=\"https:\/\/eltraserwis.pl\/?page_id=2412\">Klimatyzacja<\/a><\/h3><p class=\"box-text\">Nowoczesne systemy klimatyzacji ch\u0142odz\u0105, ogrzewaj\u0105 i filtruj\u0105 powietrze, zapewniaj\u0105c komfort i lepsz\u0105 jako\u015b\u0107 \u017cycia.<\/p><a href=\"https:\/\/eltraserwis.pl\/?page_id=2412\" class=\"th-btn border-btn th-icon fw-medium text-uppercase\"><span class=\"btn-text\" data-back=\"zobacz szczeg\u00f3\u0142y\" data-front=\"zobacz szczeg\u00f3\u0142y\"><\/span><i class=\"fa-regular fa-arrow-right ms-2\"><\/i> <\/a><\/div><\/div><\/div><\/div>\t\t\t\t<\/div>\n\t\t\t\t<\/div>\n\t\t\t\t\t<\/div>\n\t\t\t\t<\/div>\n\t\t<div class=\"elementor-element elementor-element-f77020b e-flex e-con-boxed e-con e-parent\" data-id=\"f77020b\" data-element_type=\"container\" data-settings=\"{&quot;background_background&quot;:&quot;classic&quot;}\">\n\t\t\t\t\t<div class=\"e-con-inner\">\n\t\t\t\t<div class=\"elementor-element elementor-element-bc64825 elementor-widget elementor-widget-solakcontactform\" data-id=\"bc64825\" data-element_type=\"widget\" data-widget_type=\"solakcontactform.default\">\n\t\t\t\t<div class=\"elementor-widget-container\">\n\t\t\t\t\t<div class=\"row gy-4 align-items-center justify-content-between\"><div class=\"col-xxl-4 col-xl-5 mb-3 mb-lg-0\"><div class=\"title-area text-center mb-0 text-xl-start\"><span class=\"sub-title style1\">Chcesz wiedzie\u0107 wi\u0119cej?<\/span><h2 class=\"sec-title mb-0 title\">Zam\u00f3w rozmow\u0119 z konsultantem i dowied\u017a si\u0119 jak obni\u017cy\u0107 swoje rachunki.<\/h2><\/div><\/div><div class=\"col-xxl-8 col-xl-7\"><div class=\"consultation-area\"><div class=\"consultation-form ajax-contact\">\n<div class=\"wpcf7 no-js\" id=\"wpcf7-f1087-o1\" lang=\"en-US\" dir=\"ltr\" data-wpcf7-id=\"1087\">\n<div class=\"screen-reader-response\"><p role=\"status\" aria-live=\"polite\" aria-atomic=\"true\"><\/p> <ul><\/ul><\/div>\n<form action=\"\/index.php?rest_route=%2Fwp%2Fv2%2Fpages%2F501#wpcf7-f1087-o1\" method=\"post\" class=\"wpcf7-form init\" aria-label=\"Contact form\" novalidate=\"novalidate\" data-status=\"init\">\n<div style=\"display: none;\">\n<input type=\"hidden\" name=\"_wpcf7\" value=\"1087\" \/>\n<input type=\"hidden\" name=\"_wpcf7_version\" value=\"6.0.6\" \/>\n<input type=\"hidden\" name=\"_wpcf7_locale\" value=\"en_US\" \/>\n<input type=\"hidden\" name=\"_wpcf7_unit_tag\" value=\"wpcf7-f1087-o1\" \/>\n<input type=\"hidden\" name=\"_wpcf7_container_post\" value=\"0\" \/>\n<input type=\"hidden\" name=\"_wpcf7_posted_data_hash\" value=\"\" \/>\n<\/div>\n<div class=\"row gy-4 justify-content-end\">\n<div class=\"col-md-4 form-group\">\n<span class=\"wpcf7-form-control-wrap\" data-name=\"text-31\"><input size=\"40\" maxlength=\"400\" class=\"wpcf7-form-control wpcf7-text wpcf7-validates-as-required form-control\" aria-required=\"true\" aria-invalid=\"false\" placeholder=\"Imi\u0119 i nazwisko\" value=\"\" type=\"text\" name=\"text-31\" \/><\/span>\n<\/div>\n<div class=\"col-md-4 form-group\">\n<span class=\"wpcf7-form-control-wrap\" data-name=\"tel-430\"><input size=\"40\" maxlength=\"400\" class=\"wpcf7-form-control wpcf7-tel wpcf7-validates-as-required wpcf7-text wpcf7-validates-as-tel form-control\" aria-required=\"true\" aria-invalid=\"false\" placeholder=\"Numer telefonu\" value=\"\" type=\"tel\" name=\"tel-430\" \/><\/span>\n<\/div>\n<div class=\"col-md-4 form-group\">\n<span class=\"wpcf7-form-control-wrap\" data-name=\"email-218\"><input size=\"40\" maxlength=\"400\" class=\"wpcf7-form-control wpcf7-email wpcf7-validates-as-required wpcf7-text wpcf7-validates-as-email form-control\" aria-required=\"true\" aria-invalid=\"false\" placeholder=\"Adres email\" value=\"\" type=\"email\" name=\"email-218\" \/><\/span>\n<\/div>\n<div class=\"col-md-3 form-group mb-0\">\n\t<button class=\"th-btn black-btn2 th-radius th-icon fw-btn\"><span class=\"btn-text\" data-back=\"Porozmawiaj z ekspertem\" data-front=\"Porozmawiaj z ekspertem\"><\/span><\/button>\n<\/div>\n<\/div>\n<p class=\"form-messages mb-0 mt-3\"><\/p><div class=\"wpcf7-response-output\" aria-hidden=\"true\"><\/div>\n<\/form>\n<\/div>\n<\/div><\/div><\/div><\/div>\t\t\t\t<\/div>\n\t\t\t\t<\/div>\n\t\t\t\t\t<\/div>\n\t\t\t\t<\/div>\n\t\t\t\t<\/div>\n\t\t","protected":false},"excerpt":{"rendered":"<p>Oferta Eltra Serwis Nowoczesna energia. Profesjonalne podej\u015bcie. Kompleksowa obs\u0142uga. Nasz\u0105 ofert\u0119 kierujemy do klient\u00f3w indywidualnych, firm, gospodarstw rolnych oraz wsp\u00f3lnot i sp\u00f3\u0142dzielni mieszkaniowych. Dzia\u0142amy kompleksowo \u2013 od doradztwa i projektu, przez monta\u017c, a\u017c po serwis oraz pomoc w uzyskaniu dotacji. Wszystko w oparciu o sprawdzone, wysokiej jako\u015bci produkty, kt\u00f3re zapewniaj\u0105 efektywno\u015b\u0107 i niezawodno\u015b\u0107 przez d\u0142ugie&#8230;<\/p>\n","protected":false},"author":1,"featured_media":0,"parent":0,"menu_order":0,"comment_status":"closed","ping_status":"closed","template":"template-builder.php","meta":{"footnotes":""},"class_list":["post-501","page","type-page","status-publish","hentry"],"_links":{"self":[{"href":"https:\/\/eltraserwis.pl\/index.php?rest_route=\/wp\/v2\/pages\/501","targetHints":{"allow":["GET"]}}],"collection":[{"href":"https:\/\/eltraserwis.pl\/index.php?rest_route=\/wp\/v2\/pages"}],"about":[{"href":"https:\/\/eltraserwis.pl\/index.php?rest_route=\/wp\/v2\/types\/page"}],"author":[{"embeddable":true,"href":"https:\/\/eltraserwis.pl\/index.php?rest_route=\/wp\/v2\/users\/1"}],"replies":[{"embeddable":true,"href":"https:\/\/eltraserwis.pl\/index.php?rest_route=%2Fwp%2Fv2%2Fcomments&post=501"}],"version-history":[{"count":11,"href":"https:\/\/eltraserwis.pl\/index.php?rest_route=\/wp\/v2\/pages\/501\/revisions"}],"predecessor-version":[{"id":2621,"href":"https:\/\/eltraserwis.pl\/index.php?rest_route=\/wp\/v2\/pages\/501\/revisions\/2621"}],"wp:attachment":[{"href":"https:\/\/eltraserwis.pl\/index.php?rest_route=%2Fwp%2Fv2%2Fmedia&parent=501"}],"curies":[{"name":"wp","href":"https:\/\/api.w.org\/{rel}","templated":true}]}}